{"id":60,"date":"2015-01-14T09:32:43","date_gmt":"2015-01-14T09:32:43","guid":{"rendered":"http:\/\/www.jeannedarc-figeac.fr\/maternelle-primaire\/?page_id=60"},"modified":"2015-03-27T16:47:28","modified_gmt":"2015-03-27T16:47:28","slug":"projets-detablissement","status":"publish","type":"page","link":"https:\/\/www.jeannedarc-figeac.fr\/maternelle-primaire\/projets-detablissement\/","title":{"rendered":"Projets d&rsquo;\u00e9tablissement"},"content":{"rendered":"<p>[et_pb_section fullwidth=\u00a0\u00bbon\u00a0\u00bb specialty=\u00a0\u00bboff\u00a0\u00bb background_image=\u00a0\u00bbhttp:\/\/www.jeannedarc-figeac.fr\/maternelle-primaire\/wp-content\/uploads\/sites\/3\/2015\/02\/TitleECOLE.png\u00a0\u00bb transparent_background=\u00a0\u00bbon\u00a0\u00bb background_color=\u00a0\u00bb#ffffff\u00a0\u00bb inner_shadow=\u00a0\u00bbon\u00a0\u00bb parallax=\u00a0\u00bboff\u00a0\u00bb parallax_method=\u00a0\u00bboff\u00a0\u00bb allow_player_pause=\u00a0\u00bboff\u00a0\u00bb][et_pb_fullwidth_header admin_label=\u00a0\u00bbFullwidth Header\u00a0\u00bb title=\u00a0\u00bbProjets d&rsquo;\u00e9tablissement\u00a0\u00bb background_layout=\u00a0\u00bblight\u00a0\u00bb text_orientation=\u00a0\u00bbleft\u00a0\u00bb \/][\/et_pb_section][et_pb_section transparent_background=\u00a0\u00bboff\u00a0\u00bb inner_shadow=\u00a0\u00bboff\u00a0\u00bb parallax=\u00a0\u00bboff\u00a0\u00bb parallax_method=\u00a0\u00bboff\u00a0\u00bb][et_pb_row][et_pb_column type=\u00a0\u00bb1_2&Prime;][et_pb_blurb admin_label=\u00a0\u00bbBlurb\u00a0\u00bb title=\u00a0\u00bbProjet \u00e9ducatif de la Sainte Famille\u00a0\u00bb url_new_window=\u00a0\u00bbon\u00a0\u00bb use_icon=\u00a0\u00bboff\u00a0\u00bb font_icon=\u00a0\u00bbU\u00a0\u00bb icon_color=\u00a0\u00bb#7ebec5&Prime; use_circle=\u00a0\u00bboff\u00a0\u00bb circle_color=\u00a0\u00bb#7EBEC5&Prime; use_circle_border=\u00a0\u00bboff\u00a0\u00bb circle_border_color=\u00a0\u00bb#7EBEC5&Prime; icon_placement=\u00a0\u00bbtop\u00a0\u00bb animation=\u00a0\u00bbtop\u00a0\u00bb background_layout=\u00a0\u00bblight\u00a0\u00bb text_orientation=\u00a0\u00bbleft\u00a0\u00bb module_class=\u00a0\u00bbbackground-color: #d3d3d3;\u00a0\u00bb image=\u00a0\u00bbhttp:\/\/www.jeannedarc-figeac.fr\/maternelle-primaire\/wp-content\/uploads\/sites\/3\/2015\/03\/ReseauFamille.png\u00a0\u00bb alt=\u00a0\u00bbR\u00e9seau Sainte Famille\u00a0\u00bb]<\/p>\n<p>&nbsp;<\/p>\n<p>L&rsquo;\u00e9cole est anim\u00e9e par le projet \u00e9ducatif de la Sainte Famille et donc de Sainte Emilie de Rodat.<\/p>\n<p>Aussi l&rsquo;\u00e9cole se veut-elle :<\/p>\n<p>&#8211; un lieu o\u00f9 l&rsquo;enfant apprend \u00e0 d\u00e9velopper ses talents.<\/p>\n<p>&#8211; un lieu de vie et d&rsquo;\u00e9changes.<\/p>\n<p>&#8211; un lieu o\u00f9 l&rsquo;enfant apprend \u00e0 faire ses choix.<\/p>\n<p>&#8211; un lieu qui favorise les valeurs spirituelles.<\/p>\n<p>&nbsp;<\/p>\n<p>Pour y parvenir celle-ci offre :<\/p>\n<p>&#8211; un \u00e9veil culturel tout au long de l&rsquo;ann\u00e9e ;<\/p>\n<p>&#8211; une \u00e9ducation \u00e0 la citoyennet\u00e9 ;<\/p>\n<p>&#8211; une \u00e9ducation au sport ;<\/p>\n<p>&#8211; des moments forts dans l&rsquo;ann\u00e9e, comme le voyage scolaire \u00e0 Paris pour les CM2, des moments d&rsquo;\u00e9changes et de partages avec les personnes ag\u00e9es, le spectacle de No\u00ebl r\u00e9alis\u00e9 par les maternelles et pr\u00e9sent\u00e9 \u00e0 toute l&rsquo;\u00e9cole, le carnaval, la Kermesse&#8230;&#8230;)<\/p>\n<div><\/div>\n<p>&nbsp;<\/p>\n<p>[\/et_pb_blurb][et_pb_divider admin_label=\u00a0\u00bbDivider\u00a0\u00bb color=\u00a0\u00bb#e0e0e0&Prime; show_divider=\u00a0\u00bbon\u00a0\u00bb \/][\/et_pb_column][et_pb_column type=\u00a0\u00bb1_2&Prime;][et_pb_blurb admin_label=\u00a0\u00bbBlurb\u00a0\u00bb title=\u00a0\u00bbProjet p\u00e9dagogique.\u00a0\u00bb url_new_window=\u00a0\u00bbon\u00a0\u00bb use_icon=\u00a0\u00bboff\u00a0\u00bb font_icon=\u00a0\u00bbb\u00a0\u00bb icon_color=\u00a0\u00bb#92db8c\u00a0\u00bb use_circle=\u00a0\u00bboff\u00a0\u00bb circle_color=\u00a0\u00bb#7EBEC5&Prime; use_circle_border=\u00a0\u00bboff\u00a0\u00bb circle_border_color=\u00a0\u00bb#7EBEC5&Prime; icon_placement=\u00a0\u00bbtop\u00a0\u00bb animation=\u00a0\u00bbtop\u00a0\u00bb background_layout=\u00a0\u00bblight\u00a0\u00bb text_orientation=\u00a0\u00bbleft\u00a0\u00bb image=\u00a0\u00bbhttp:\/\/www.jeannedarc-figeac.fr\/maternelle-primaire\/wp-content\/uploads\/sites\/3\/2015\/01\/Projeteducatif.jpg\u00a0\u00bb]<\/p>\n<h4><\/h4>\n<h4><span style=\"color: #333333;\"><strong>L\u2019Institution Jeanne d\u2019Arc veut \u00eatre aujourd\u2019hui :<\/strong><\/span><\/h4>\n<p>&nbsp;<\/p>\n<p><strong>Un lieu o\u00f9 les enfants apprennent \u00e0 d\u00e9velopper leurs talents<\/strong> :<\/p>\n<ul>\n<li>Gr\u00e2ce \u00e0 une \u00e9ducation adapt\u00e9e au monde contemporain<\/li>\n<li>Gr\u00e2ce \u00e0 la confiance r\u00e9ciproque<\/li>\n<li>Gr\u00e2ce \u00e0 une attention particuli\u00e8re \u00e0 ceux qui sont en difficult\u00e9<\/li>\n<\/ul>\n<p><em>Afin que chacun puisse \u00eatre conduit le plus loin possible dans la voie de la r\u00e9ussite<\/em> <strong> Un lieu o\u00f9 les enfants vivent :<\/strong><\/p>\n<ul>\n<li>Gr\u00e2ce \u00e0 une \u00e9ducation qui prend en compte l\u2019ensemble de la personne<\/li>\n<li>Gr\u00e2ce \u00e0 la cr\u00e9ation de structures de participation<\/li>\n<li>Gr\u00e2ce \u00e0 la promotion d\u2019actions de solidarit\u00e9<\/li>\n<li>Gr\u00e2ce \u00e0 la confrontation avec d\u2019autres cultures<\/li>\n<\/ul>\n<p><em>Afin que chacun devienne progressivement acteur de son d\u00e9veloppement<\/em> <strong>Un lieu o\u00f9 les enfants apprennent \u00e0 faire des choix :<\/strong><\/p>\n<ul>\n<li>En lui indiquant des rep\u00e8res qui l\u2019aident \u00e0 se prendre en charge<\/li>\n<li>En l\u2019invitant \u00e0 \u00e9valuer les choix qui ont \u00e9t\u00e9 faits<\/li>\n<li>En d\u00e9veloppant son sens critique<\/li>\n<\/ul>\n<p><em>Afin que chacun grandisse en devenant un acteur responsable<\/em> <strong>Un lieu qui favorise la rencontre personnelle et communautaire<\/strong><\/p>\n<ul>\n<li>Par la prise en compte des valeurs essentielles : tol\u00e9rance, solidarit\u00e9, v\u00e9rit\u00e9, sens du sacr\u00e9, justice ,..<\/li>\n<li>Par le respect des uns des autres : respect de l\u2019int\u00e9grit\u00e9 physique et spirituelle<\/li>\n<li>Par le t\u00e9moignage des membres de la communaut\u00e9 \u00e9ducative en r\u00e9f\u00e9rence \u00e0 l\u2019\u00e9vangile<\/li>\n<\/ul>\n<p><em>Afin que chacun puisse vivre en harmonie.<\/em><\/p>\n<p>[\/et_pb_blurb][et_pb_divider admin_label=\u00a0\u00bbDivider\u00a0\u00bb color=\u00a0\u00bb#e0e0e0&Prime; show_divider=\u00a0\u00bbon\u00a0\u00bb \/][\/et_pb_column][\/et_pb_row][\/et_pb_section]<\/p>\n","protected":false},"excerpt":{"rendered":"<div class=\"et_pb_row et_pb_row_0 et_pb_row_empty\"><\/div>\n<p> &nbsp; L&rsquo;\u00e9cole est anim\u00e9e par le projet \u00e9ducatif de la Sainte Famille et donc de Sainte Emilie de Rodat. Aussi l&rsquo;\u00e9cole se veut-elle : &#8211; un lieu o\u00f9 l&rsquo;enfant apprend \u00e0 d\u00e9velopper ses talents. &#8211; un lieu de vie et d&rsquo;\u00e9changes. &#8211; un lieu o\u00f9 l&rsquo;enfant apprend \u00e0 faire ses choix. &#8211; un lieu [&hellip;]<\/p>\n","protected":false},"author":1,"featured_media":0,"parent":0,"menu_order":0,"comment_status":"open","ping_status":"open","template":"","meta":{"_et_pb_use_builder":"on","_et_pb_old_content":"","_et_gb_content_width":"","iawp_total_views":137,"footnotes":""},"class_list":["post-60","page","type-page","status-publish","hentry"],"jetpack_shortlink":"https:\/\/wp.me\/P5Qy4q-Y","jetpack_sharing_enabled":true,"_links":{"self":[{"href":"https:\/\/www.jeannedarc-figeac.fr\/maternelle-primaire\/wp-json\/wp\/v2\/pages\/60","targetHints":{"allow":["GET"]}}],"collection":[{"href":"https:\/\/www.jeannedarc-figeac.fr\/maternelle-primaire\/wp-json\/wp\/v2\/pages"}],"about":[{"href":"https:\/\/www.jeannedarc-figeac.fr\/maternelle-primaire\/wp-json\/wp\/v2\/types\/page"}],"author":[{"embeddable":true,"href":"https:\/\/www.jeannedarc-figeac.fr\/maternelle-primaire\/wp-json\/wp\/v2\/users\/1"}],"replies":[{"embeddable":true,"href":"https:\/\/www.jeannedarc-figeac.fr\/maternelle-primaire\/wp-json\/wp\/v2\/comments?post=60"}],"version-history":[{"count":25,"href":"https:\/\/www.jeannedarc-figeac.fr\/maternelle-primaire\/wp-json\/wp\/v2\/pages\/60\/revisions"}],"predecessor-version":[{"id":617,"href":"https:\/\/www.jeannedarc-figeac.fr\/maternelle-primaire\/wp-json\/wp\/v2\/pages\/60\/revisions\/617"}],"wp:attachment":[{"href":"https:\/\/www.jeannedarc-figeac.fr\/maternelle-primaire\/wp-json\/wp\/v2\/media?parent=60"}],"curies":[{"name":"wp","href":"https:\/\/api.w.org\/{rel}","templated":true}]}}