{"id":545,"date":"2015-03-05T10:14:25","date_gmt":"2015-03-05T10:14:25","guid":{"rendered":"http:\/\/www.jeannedarc-figeac.fr\/maternelle-primaire\/?page_id=545"},"modified":"2023-03-07T11:51:28","modified_gmt":"2023-03-07T10:51:28","slug":"anglais","status":"publish","type":"page","link":"https:\/\/www.jeannedarc-figeac.fr\/maternelle-primaire\/anglais\/","title":{"rendered":"Anglais"},"content":{"rendered":"<p>[et_pb_section fb_built=\u00a0\u00bb1&Prime; inner_shadow=\u00a0\u00bbon\u00a0\u00bb fullwidth=\u00a0\u00bbon\u00a0\u00bb _builder_version=\u00a0\u00bb4.16&Prime; background_color=\u00a0\u00bbrgba(255,255,255,0)\u00a0\u00bb background_image=\u00a0\u00bbhttp:\/\/www.jeannedarc-figeac.fr\/maternelle-primaire\/wp-content\/uploads\/sites\/3\/2015\/02\/TitleECOLE.png\u00a0\u00bb transparent_background=\u00a0\u00bbon\u00a0\u00bb global_colors_info=\u00a0\u00bb{}\u00a0\u00bb][et_pb_fullwidth_header title=\u00a0\u00bbApprentissage de l&rsquo;anglais\u00a0\u00bb subhead=\u00a0\u00bbParler anglais et s&rsquo;ouvrir au monde.\u00a0\u00bb content_max_width=\u00a0\u00bbnone\u00a0\u00bb admin_label=\u00a0\u00bbFullwidth Header\u00a0\u00bb _builder_version=\u00a0\u00bb4.16&Prime; background_color=\u00a0\u00bbrgba(255, 255, 255, 0)\u00a0\u00bb background_layout=\u00a0\u00bblight\u00a0\u00bb global_colors_info=\u00a0\u00bb{}\u00a0\u00bb button_one_text_size__hover_enabled=\u00a0\u00bboff\u00a0\u00bb button_two_text_size__hover_enabled=\u00a0\u00bboff\u00a0\u00bb button_one_text_color__hover_enabled=\u00a0\u00bboff\u00a0\u00bb button_two_text_color__hover_enabled=\u00a0\u00bboff\u00a0\u00bb button_one_border_width__hover_enabled=\u00a0\u00bboff\u00a0\u00bb button_two_border_width__hover_enabled=\u00a0\u00bboff\u00a0\u00bb button_one_border_color__hover_enabled=\u00a0\u00bboff\u00a0\u00bb button_two_border_color__hover_enabled=\u00a0\u00bboff\u00a0\u00bb button_one_border_radius__hover_enabled=\u00a0\u00bboff\u00a0\u00bb button_two_border_radius__hover_enabled=\u00a0\u00bboff\u00a0\u00bb button_one_letter_spacing__hover_enabled=\u00a0\u00bboff\u00a0\u00bb button_two_letter_spacing__hover_enabled=\u00a0\u00bboff\u00a0\u00bb button_one_bg_color__hover_enabled=\u00a0\u00bboff\u00a0\u00bb button_two_bg_color__hover_enabled=\u00a0\u00bboff\u00a0\u00bb][\/et_pb_fullwidth_header][\/et_pb_section][et_pb_section fb_built=\u00a0\u00bb1&Prime; _builder_version=\u00a0\u00bb4.16&Prime; global_colors_info=\u00a0\u00bb{}\u00a0\u00bb][et_pb_row _builder_version=\u00a0\u00bb4.16&Prime; background_size=\u00a0\u00bbinitial\u00a0\u00bb background_position=\u00a0\u00bbtop_left\u00a0\u00bb background_repeat=\u00a0\u00bbrepeat\u00a0\u00bb global_colors_info=\u00a0\u00bb{}\u00a0\u00bb column_structure=\u00a0\u00bb1_3,2_3&Prime;][et_pb_column type=\u00a0\u00bb1_3&Prime; _builder_version=\u00a0\u00bb4.16&Prime; custom_padding=\u00a0\u00bb|||\u00a0\u00bb global_colors_info=\u00a0\u00bb{}\u00a0\u00bb custom_padding__hover=\u00a0\u00bb|||\u00a0\u00bb][et_pb_image src=\u00a0\u00bbhttp:\/\/www.jeannedarc-figeac.fr\/maternelle-primaire\/wp-content\/uploads\/sites\/3\/2015\/03\/Slider-RESUMEN-CAMBRIDGE.jpg\u00a0\u00bb show_bottom_space=\u00a0\u00bboff\u00a0\u00bb align_tablet=\u00a0\u00bbcenter\u00a0\u00bb align_last_edited=\u00a0\u00bbon|desktop\u00a0\u00bb admin_label=\u00a0\u00bbImage\u00a0\u00bb _builder_version=\u00a0\u00bb4.16&Prime; animation=\u00a0\u00bboff\u00a0\u00bb sticky=\u00a0\u00bbon\u00a0\u00bb global_colors_info=\u00a0\u00bb{}\u00a0\u00bb align_phone=\u00a0\u00bbcenter\u00a0\u00bb][\/et_pb_image][et_pb_text admin_label=\u00a0\u00bbTexte\u00a0\u00bb _builder_version=\u00a0\u00bb4.16&Prime; background_size=\u00a0\u00bbinitial\u00a0\u00bb background_position=\u00a0\u00bbtop_left\u00a0\u00bb background_repeat=\u00a0\u00bbrepeat\u00a0\u00bb global_colors_info=\u00a0\u00bb{}\u00a0\u00bb]<\/p>\n<p style=\"text-align: left;\"><div class='et-box et-shadow'>\n\t\t\t\t\t<div class='et-box-content'>L&rsquo;\u00e9cole est un Centre de Pr\u00e9paration et d&rsquo;Examen\u00a0CAMBRIDGE<\/p>\n<p style=\"text-align: center;\">Date des certifications : 16 juin 2023<strong>\u00a0<\/strong><\/div><\/div><\/p>\n<p>&#8230; \u00e9l\u00e8ves inscrits \u00a0au Starters<\/p>\n<p>&#8230; \u00e9l\u00e8ves inscrits au Movers<\/p>\n<p>[\/et_pb_text][et_pb_sidebar area=\u00a0\u00bbet_pb_widget_area_1&Prime; admin_label=\u00a0\u00bbBarre lat\u00e9rale\u00a0\u00bb _builder_version=\u00a0\u00bb4.16&Prime; global_colors_info=\u00a0\u00bb{}\u00a0\u00bb][\/et_pb_sidebar][\/et_pb_column][et_pb_column type=\u00a0\u00bb2_3&Prime; _builder_version=\u00a0\u00bb4.16&Prime; custom_padding=\u00a0\u00bb|||\u00a0\u00bb global_colors_info=\u00a0\u00bb{}\u00a0\u00bb custom_padding__hover=\u00a0\u00bb|||\u00a0\u00bb][et_pb_text admin_label=\u00a0\u00bbTexte\u00a0\u00bb _builder_version=\u00a0\u00bb4.16&Prime; background_size=\u00a0\u00bbinitial\u00a0\u00bb background_position=\u00a0\u00bbtop_left\u00a0\u00bb background_repeat=\u00a0\u00bbrepeat\u00a0\u00bb global_colors_info=\u00a0\u00bb{}\u00a0\u00bb]<\/p>\n<h4><span style=\"text-decoration: underline;\"><span style=\"color: #333333; text-decoration: underline;\">Cambridge English<\/span><\/span><\/h4>\n<p>Les examens d&rsquo;anglais du Cambridge offrent aux enfants qui apprennent l&rsquo;anglais, la possibilit\u00e9 de passer de mani\u00e8re ludique leurs premiers tests d&rsquo;anglais. Trois niveaux sont propos\u00e9s :<\/p>\n<p>Starters : Niveau inf\u00e9rieur au niveau A1 &#8211; A partir de 7 ans<br \/>\nMovers : Niveau A1 du Conseil d&rsquo;Europe<br \/>\nFlyers : Niveau A2 du Conseil d&rsquo;Europe &#8211; Jusqu&rsquo;\u00e0 12 ans<br \/>\nConcernant la notation, le syst\u00e8me classique r\u00e9ussite\/\u00e9chec n&rsquo;existe pas pour cet examen. Chaque enfant obtient un certain nombre d&rsquo;images (le c\u00e9l\u00e8bre blason de Cambridge). Il est possible d&rsquo;obtenir entre 1 et 5 \u00e9cussons pour chacune des trois parties de l&rsquo;examen : Listening, Reading \/ Writing et Speaking .[\/et_pb_text][et_pb_divider color=\u00a0\u00bb#e0e0e0&Prime; disabled_on=\u00a0\u00bbon|on|off\u00a0\u00bb admin_label=\u00a0\u00bbS\u00e9parateur\u00a0\u00bb _builder_version=\u00a0\u00bb4.16&Prime; height=\u00a0\u00bb9px\u00a0\u00bb global_colors_info=\u00a0\u00bb{}\u00a0\u00bb][\/et_pb_divider][et_pb_text admin_label=\u00a0\u00bbTexte\u00a0\u00bb _builder_version=\u00a0\u00bb4.16&Prime; background_size=\u00a0\u00bbinitial\u00a0\u00bb background_position=\u00a0\u00bbtop_left\u00a0\u00bb background_repeat=\u00a0\u00bbrepeat\u00a0\u00bb global_colors_info=\u00a0\u00bb{}\u00a0\u00bb]<\/p>\n<h4><span style=\"text-decoration: underline;\"><span style=\"color: #333333; text-decoration: underline;\">Apprentissage des Langues<\/span><\/span><\/h4>\n<p>Depuis plusieurs ann\u00e9es, l&rsquo;\u00e9cole Jeanne d&rsquo;Arc intensifie l&rsquo;apprentissage de l&rsquo;Anglais dans toutes les classes.<\/p>\n<p>D\u00e8s l&rsquo;\u00e2ge de 2 ans, les \u00e9l\u00e8ves re\u00e7oivent un enseignement r\u00e9gulier chaque semaine par Mr Hanogue, britannique d&rsquo;origine.<\/p>\n<div class='et-box et-shadow'>\n\t\t\t\t\t<div class='et-box-content'><strong>2 fois 1\/2h \/semaine en maternelle<\/strong><\/p>\n<p><strong>2 fois 3\/4h \/semaine en CP et CE1<\/strong><\/p>\n<p><strong>2 fois 1h \/semaine en CE2 &#8211; CM1 et CM2<\/strong><\/div><\/div>\n<p>Partenaire de Cambridge English, l&rsquo;\u00e9cole Jeanne d&rsquo;Arc est centre de pr\u00e9paration et d&rsquo;examen et propose les certifications Young Learners Starters et Movers.[\/et_pb_text][et_pb_divider color=\u00a0\u00bb#e0e0e0&Prime; disabled_on=\u00a0\u00bbon|on|off\u00a0\u00bb admin_label=\u00a0\u00bbS\u00e9parateur\u00a0\u00bb _builder_version=\u00a0\u00bb4.16&Prime; height=\u00a0\u00bb9px\u00a0\u00bb global_colors_info=\u00a0\u00bb{}\u00a0\u00bb][\/et_pb_divider][et_pb_text admin_label=\u00a0\u00bbTexte\u00a0\u00bb _builder_version=\u00a0\u00bb4.16&Prime; background_size=\u00a0\u00bbinitial\u00a0\u00bb background_position=\u00a0\u00bbtop_left\u00a0\u00bb background_repeat=\u00a0\u00bbrepeat\u00a0\u00bb global_colors_info=\u00a0\u00bb{}\u00a0\u00bb][\/et_pb_text][et_pb_divider color=\u00a0\u00bb#e0e0e0&Prime; disabled_on=\u00a0\u00bbon|on|off\u00a0\u00bb admin_label=\u00a0\u00bbS\u00e9parateur\u00a0\u00bb _builder_version=\u00a0\u00bb4.16&Prime; height=\u00a0\u00bb9px\u00a0\u00bb global_colors_info=\u00a0\u00bb{}\u00a0\u00bb][\/et_pb_divider][et_pb_blog fullwidth=\u00a0\u00bboff\u00a0\u00bb include_categories=\u00a0\u00bb20&Prime; show_more=\u00a0\u00bbon\u00a0\u00bb show_author=\u00a0\u00bboff\u00a0\u00bb show_date=\u00a0\u00bboff\u00a0\u00bb show_categories=\u00a0\u00bboff\u00a0\u00bb admin_label=\u00a0\u00bbBlog anglais\u00a0\u00bb _builder_version=\u00a0\u00bb4.16&Prime; global_colors_info=\u00a0\u00bb{}\u00a0\u00bb][\/et_pb_blog][\/et_pb_column][\/et_pb_row][\/et_pb_section]<\/p>\n","protected":false},"excerpt":{"rendered":"<div class='et-box et-shadow'>\n<div class='et-box-content'>L&rsquo;\u00e9cole est un Centre de Pr\u00e9paration et d&rsquo;Examen\u00a0CAMBRIDGE Date des certifications : 16 juin 2023\u00a0<\/div>\n<\/div>\n<p> &#8230; \u00e9l\u00e8ves inscrits \u00a0au Starters &#8230; \u00e9l\u00e8ves inscrits au MoversCambridge English Les examens d&rsquo;anglais du Cambridge offrent aux enfants qui apprennent l&rsquo;anglais, la possibilit\u00e9 de passer de mani\u00e8re ludique leurs premiers tests d&rsquo;anglais. Trois niveaux sont propos\u00e9s : Starters [&hellip;]<\/p>\n","protected":false},"author":1,"featured_media":0,"parent":0,"menu_order":0,"comment_status":"open","ping_status":"open","template":"","meta":{"_et_pb_use_builder":"on","_et_pb_old_content":"","_et_gb_content_width":"","iawp_total_views":76,"footnotes":""},"class_list":["post-545","page","type-page","status-publish","hentry"],"jetpack_shortlink":"https:\/\/wp.me\/P5Qy4q-8N","jetpack_sharing_enabled":true,"_links":{"self":[{"href":"https:\/\/www.jeannedarc-figeac.fr\/maternelle-primaire\/wp-json\/wp\/v2\/pages\/545","targetHints":{"allow":["GET"]}}],"collection":[{"href":"https:\/\/www.jeannedarc-figeac.fr\/maternelle-primaire\/wp-json\/wp\/v2\/pages"}],"about":[{"href":"https:\/\/www.jeannedarc-figeac.fr\/maternelle-primaire\/wp-json\/wp\/v2\/types\/page"}],"author":[{"embeddable":true,"href":"https:\/\/www.jeannedarc-figeac.fr\/maternelle-primaire\/wp-json\/wp\/v2\/users\/1"}],"replies":[{"embeddable":true,"href":"https:\/\/www.jeannedarc-figeac.fr\/maternelle-primaire\/wp-json\/wp\/v2\/comments?post=545"}],"version-history":[{"count":15,"href":"https:\/\/www.jeannedarc-figeac.fr\/maternelle-primaire\/wp-json\/wp\/v2\/pages\/545\/revisions"}],"predecessor-version":[{"id":2534,"href":"https:\/\/www.jeannedarc-figeac.fr\/maternelle-primaire\/wp-json\/wp\/v2\/pages\/545\/revisions\/2534"}],"wp:attachment":[{"href":"https:\/\/www.jeannedarc-figeac.fr\/maternelle-primaire\/wp-json\/wp\/v2\/media?parent=545"}],"curies":[{"name":"wp","href":"https:\/\/api.w.org\/{rel}","templated":true}]}}