{"id":149,"date":"2015-01-15T18:00:50","date_gmt":"2015-01-15T18:00:50","guid":{"rendered":"http:\/\/www.jeannedarc-figeac.fr\/maternelle-primaire\/?page_id=149"},"modified":"2015-06-10T20:01:04","modified_gmt":"2015-06-10T20:01:04","slug":"apel","status":"publish","type":"page","link":"https:\/\/www.jeannedarc-figeac.fr\/maternelle-primaire\/apel\/","title":{"rendered":"APEL"},"content":{"rendered":"<p>[et_pb_section fullwidth=\u00a0\u00bbon\u00a0\u00bb specialty=\u00a0\u00bboff\u00a0\u00bb transparent_background=\u00a0\u00bboff\u00a0\u00bb background_color=\u00a0\u00bb#ffd323&Prime; inner_shadow=\u00a0\u00bbon\u00a0\u00bb parallax=\u00a0\u00bboff\u00a0\u00bb parallax_method=\u00a0\u00bboff\u00a0\u00bb background_image=\u00a0\u00bbhttp:\/\/www.jeannedarc-figeac.fr\/maternelle-primaire\/wp-content\/uploads\/sites\/3\/2015\/02\/TitleECOLE.png\u00a0\u00bb allow_player_pause=\u00a0\u00bboff\u00a0\u00bb][et_pb_fullwidth_header admin_label=\u00a0\u00bbFullwidth Header\u00a0\u00bb title=\u00a0\u00bbA.P.E.L\u00a0\u00bb subhead=\u00a0\u00bbAssociation des parents \u00e9l\u00e8ves de l&rsquo;enseignement libre\u00a0\u00bb background_layout=\u00a0\u00bblight\u00a0\u00bb text_orientation=\u00a0\u00bbleft\u00a0\u00bb \/][\/et_pb_section][et_pb_section fullwidth=\u00a0\u00bboff\u00a0\u00bb specialty=\u00a0\u00bbon\u00a0\u00bb][et_pb_column type=\u00a0\u00bb1_3&Prime;][et_pb_text admin_label=\u00a0\u00bbTexte\u00a0\u00bb background_layout=\u00a0\u00bblight\u00a0\u00bb text_orientation=\u00a0\u00bbleft\u00a0\u00bb]<\/p>\n<p><span style=\"color: #ff9900;\"><strong>INFOS<\/strong><\/span><\/p>\n<hr \/>\n<p>&nbsp;<\/p>\n<p>[\/et_pb_text][et_pb_blog admin_label=\u00a0\u00bbBlog\u00a0\u00bb fullwidth=\u00a0\u00bboff\u00a0\u00bb posts_number=\u00a0\u00bb3&Prime; include_categories=\u00a0\u00bb9&Prime; meta_date=\u00a0\u00bbd\/m\/Y\u00a0\u00bb show_thumbnail=\u00a0\u00bboff\u00a0\u00bb show_content=\u00a0\u00bbon\u00a0\u00bb show_more=\u00a0\u00bboff\u00a0\u00bb show_author=\u00a0\u00bbon\u00a0\u00bb show_date=\u00a0\u00bbon\u00a0\u00bb show_categories=\u00a0\u00bbon\u00a0\u00bb show_pagination=\u00a0\u00bbon\u00a0\u00bb background_layout=\u00a0\u00bblight\u00a0\u00bb offset_number=\u00a0\u00bb0&Prime; \/][\/et_pb_column][et_pb_column type=\u00a0\u00bb2_3&Prime; specialty_columns=\u00a0\u00bb2&Prime;][et_pb_row_inner][et_pb_column_inner type=\u00a0\u00bb4_4&Prime;][et_pb_text admin_label=\u00a0\u00bbCharte APEL\u00a0\u00bb background_layout=\u00a0\u00bblight\u00a0\u00bb text_orientation=\u00a0\u00bbleft\u00a0\u00bb]<\/p>\n<h2>Charte APEL<\/h2>\n<p><span style=\"text-decoration: underline;\">Charte du parent d&rsquo;\u00e9l\u00e8ve int\u00e9grant le Conseil d&rsquo;Administration \u00e9largi de l&rsquo;APEL<\/span> :<\/p>\n<p>\u2666 Tous les membres du CA \u00e9largi sont acteurs et partenaires de la vie de l&rsquo;Etablissement.<\/p>\n<p>\u2666 Profil du membre du CA \u00e9largi : discr\u00e9tion, objectivit\u00e9, \u00e9coute, ouverture d&rsquo;esprit, solidarit\u00e9, confidentialit\u00e9, adh\u00e9sion au projet commun de l&rsquo;Apel &#8230;<\/p>\n<p>\u2666 Les membres du CA \u00e9largis sont des parents b\u00e9n\u00e9voles.<\/p>\n<p>\u2666 L&rsquo;adh\u00e9sion \u00e0 la cotisation Apel annuelle familiale est obligatoire.<\/p>\n<p>\u2666 Le parent s&rsquo;engage \u00e0 consulter et \u00e0 approuver les statuts de l&rsquo;Apel visibles sur le site internet de l&rsquo;Etablissement Jeanne d&rsquo;Arc.<\/p>\n<p>\u2666 Avant de se pr\u00e9senter \u00e0 l&rsquo;\u00e9lection du CA, il est obligatoire d&rsquo;avoir pass\u00e9 au moins une ann\u00e9e scolaire au CA \u00e9largi.<\/p>\n<p>\u2666 Seuls, les membres du CA ont droit de vote pour l&rsquo;\u00e9lection du bureau.<\/p>\n<p>\u2666Les membres du CA \u00e9largi devront s&rsquo;engager et s&rsquo;investir au moins dans une des commissions mises en place par l&rsquo;Association.<\/p>\n<p>\u2666 Un parent revendiquant trop dans le n\u00e9gatif et \/ou n&rsquo;adh\u00e9rant pas au projet de l&rsquo;\u00e9quipe ne peut pas proposer sa candidature au CA. Si un membre emp\u00eache le bon fonctionnement de l&rsquo;Apel, le bureau provoque un conseil de discipline dont la d\u00e9sicion peut aller jusqu&rsquo;\u00e0 l&rsquo;exclusion d\u00e9finitive.<\/p>\n<p>[\/et_pb_text][et_pb_text admin_label=\u00a0\u00bbR\u00f4le de l&rsquo;APEL\u00a0\u00bb background_layout=\u00a0\u00bblight\u00a0\u00bb text_orientation=\u00a0\u00bbleft\u00a0\u00bb]<\/p>\n<h2>R\u00f4le de l&rsquo;APEL<\/h2>\n<p>L&rsquo;APEL (Association des parents \u00e9l\u00e8ves de l&rsquo;enseignement libre) est un mouvement qui repr\u00e9sente 810 000 familles en France. Les APEL d&rsquo;Etablissement sont unies dans une structure d\u00e9partementale : l&rsquo;APEL d\u00e9partementale ; les APEL d\u00e9partementales sont unies dans une structure acad\u00e9mique : l&rsquo;APEL r\u00e9gionale ; les APEL acad\u00e9miques sont unies au sein de l&rsquo;APEL nationale.<\/p>\n<p><span style=\"text-decoration: underline;\">Notre mission est<\/span> :<\/p>\n<p>d&rsquo;\u00eatre aux c\u00f4t\u00e9s des parents (partages d&rsquo;exp\u00e9riences,<br \/>\naccompagnement dans leur r\u00f4le d&rsquo;\u00e9ducateur),<br \/>\n\u00eatre l&rsquo;interlocuteur reconnu par le chef d&rsquo;Etablissement (respect<br \/>\net participation au projet \u00e9ducatif, r\u00f4le dans la r\u00e9flexion et l&rsquo;action \u00e9ducative),<br \/>\nd&rsquo;assumer pleinement et librement notre responsabilit\u00e9 de premier et\u00a0 ultime \u00e9ducateur de nos enfants.<br \/>\nNotre action se d\u00e9ploie dans le respect de 3 principes :<\/p>\n<p>Ouverture : \u00e9coute, rencontre, accueil, r\u00e9flexion, conseil. Cette attitude a fait ses preuves, elle est constructive et respectueuse de l&rsquo;autre.<br \/>\nEngagement : soutien du projet de l&rsquo;Enseignement catholique.<br \/>\nComp\u00e9tence : transmission et formation. Le b\u00e9n\u00e9volat des \u00e9lus de l&rsquo;APEL les conduisent \u00e0 accro\u00eetre leurs comp\u00e9tences et \u00e0 am\u00e9liorer l&rsquo;efficacit\u00e9 de leurs actions.<\/p>\n<p>Nous devons veiller \u00e0 ce que chaque parent d&rsquo;\u00e9l\u00e8ve puisse choisir librement l&rsquo;\u00e9cole de son enfant.<\/p>\n<p>L&rsquo;association des parents d&rsquo;\u00e9l\u00e8ves de Jeanne d&rsquo;Arc est membre actif de la communaut\u00e9 \u00e9ducative, elle est pr\u00e9sente au quotidien dans l&rsquo;\u00e9tablissement.<\/p>\n<p>Elle est pr\u00e9sente aux r\u00e9unions OGEC (organisme de gestion de l&rsquo;Etablissement), Conseils d&rsquo;Etablissement, Conseils de classes (parents correspondants), Journ\u00e9e Portes Ouvertes, Commission Restauration, F\u00eate de l&rsquo;Ecole&#8230;<\/p>\n<p>Vous pouvez \u00e9galement consulter le site de l&rsquo;APEL National : <a href=\"http:\/\/www.apel.asso.fr\" target=\"_blank\">http:\/\/www.apel.asso.fr<\/a><\/p>\n<p>[\/et_pb_text][et_pb_text admin_label=\u00a0\u00bbParent Correspondant\u00a0\u00bb background_layout=\u00a0\u00bblight\u00a0\u00bb text_orientation=\u00a0\u00bbleft\u00a0\u00bb]<\/p>\n<h2>Parent Correspondant<\/h2>\n<p><span style=\"text-decoration: underline;\">Charte du parent correspondant<\/span><\/p>\n<p>Qui est le parent correspondant ?<br \/>\n\u25ba Le parent correspondant est un m\u00e9diateur qui favorise la communication et instaure des liens entre l\u2019ensemble des parents et l\u2019\u00e9quipe \u00e9ducative,<br \/>\n\u25ba il repr\u00e9sente toutes les familles de la classe,<br \/>\n\u25ba il participe avec l\u2019accord du chef d\u2019\u00e9tablissement aux conseils de classe.<\/p>\n<p>Quel est le profil du parent correspondant ?<br \/>\n\u25ba Etre objectif : faire preuve de discr\u00e9tion et de discernement,<br \/>\n\u25ba \u00eatre disponible : \u00e0 l\u2019\u00e9coute des autres et pr\u00e9sent aux conseils de classe,<br \/>\n\u25ba accueillant, patient et tol\u00e9rant,<br \/>\n\u25ba responsable et ouvert au dialogue,<br \/>\n\u25ba oublier le cas personnel de son enfant et rechercher le bien de tous les enfants de la classe.<\/p>\n<p>Comment est-on parent correspondant ?<br \/>\n\u25ba Pr\u00e9senter sa candidature \u00e0 l\u2019APEL et apr\u00e8s accord d\u00e9signation pour un an,<br \/>\n\u25ba s\u2019\u00eatre acquitt\u00e9 de la cotisation annuelle de l\u2019APEL,<br \/>\n\u25ba \u00eatre volontaire, accepter la responsabilit\u00e9 de son engagement,<br \/>\n\u25ba \u00eatre connu des autres parents par le cahier de liaison o\u00f9 le nom et les coordonn\u00e9es y sont inscrits.<\/p>\n<p>Quel est le r\u00f4le du parent correspondant au conseil de classe ?<br \/>\n\u25ba Avant le conseil de classe : il est \u00e0 l\u2019\u00e9coute des familles pour faire remonter des observations,<br \/>\n\u25ba pendant le conseil de classe : il a un r\u00f4le consultatif et est attentif,<br \/>\n\u25ba apr\u00e8s le conseil de classe : il r\u00e9dige un compte-rendu global sur l\u2019ambiance et le niveau de la classe. Ce compte-rendu, apr\u00e8s visa du chef d\u2019\u00e9tablissement, est transmis aux parents avec le bulletin de notes.<\/p>\n<p>Ce que le parent correspondant doit \u00e9viter ?<br \/>\n\u25ba Avoir une attitude syst\u00e9matiquement critique,<br \/>\n\u25ba remettre en cause les m\u00e9thodes p\u00e9dagogiques des professeurs,<br \/>\n\u25ba colporter des rumeurs,<br \/>\n\u25ba cristalliser les revendications des parents,<br \/>\n\u25ba donner son interpr\u00e9tation personnelle des comptes-rendus des conseils de classe.<\/p>\n<p>[\/et_pb_text][et_pb_text admin_label=\u00a0\u00bbCommissions APEL\u00a0\u00bb background_layout=\u00a0\u00bblight\u00a0\u00bb text_orientation=\u00a0\u00bbleft\u00a0\u00bb]<\/p>\n<h2>\u00ab\u00a0Commissions APEL\u00a0\u00bb<\/h2>\n<p>L&rsquo;APEL travaille les diff\u00e9rents projets de l&rsquo;ann\u00e9e sous forme de \u00ab\u00a0commissions\u00a0\u00bb.<\/p>\n<p>\u25ba \u00ab\u00a0Commission Animation\u00a0\u00bb<\/p>\n<p>\u25ba \u00ab\u00a0Commission Bourse aux Livres\u00a0\u00bb<\/p>\n<p>\u25ba \u00ab\u00a0Commission Covoiturage\u00a0\u00bb<\/p>\n<p>\u25ba \u00ab\u00a0Commission M\u00e9tiers Passion\u00a0\u00bb<\/p>\n<p>\u25ba \u00ab\u00a0Commission Projets P\u00e9dagogiques\u00a0\u00bb<\/p>\n<p>\u25ba \u00ab\u00a0Commission Restauration\u00a0\u00bb<\/p>\n<p>[\/et_pb_text][\/et_pb_column_inner][\/et_pb_row_inner][\/et_pb_column][\/et_pb_section]<\/p>\n","protected":false},"excerpt":{"rendered":"<p>INFOS &nbsp; Charte APEL Charte du parent d&rsquo;\u00e9l\u00e8ve int\u00e9grant le Conseil d&rsquo;Administration \u00e9largi de l&rsquo;APEL : \u2666 Tous les membres du CA \u00e9largi sont acteurs et partenaires de la vie de l&rsquo;Etablissement. \u2666 Profil du membre du CA \u00e9largi : discr\u00e9tion, objectivit\u00e9, \u00e9coute, ouverture d&rsquo;esprit, solidarit\u00e9, confidentialit\u00e9, adh\u00e9sion au projet commun de l&rsquo;Apel &#8230; \u2666 [&hellip;]<\/p>\n","protected":false},"author":1,"featured_media":0,"parent":0,"menu_order":0,"comment_status":"open","ping_status":"open","template":"","meta":{"_et_pb_use_builder":"on","_et_pb_old_content":"","_et_gb_content_width":"","iawp_total_views":40,"footnotes":""},"class_list":["post-149","page","type-page","status-publish","hentry"],"jetpack_shortlink":"https:\/\/wp.me\/P5Qy4q-2p","jetpack_sharing_enabled":true,"_links":{"self":[{"href":"https:\/\/www.jeannedarc-figeac.fr\/maternelle-primaire\/wp-json\/wp\/v2\/pages\/149","targetHints":{"allow":["GET"]}}],"collection":[{"href":"https:\/\/www.jeannedarc-figeac.fr\/maternelle-primaire\/wp-json\/wp\/v2\/pages"}],"about":[{"href":"https:\/\/www.jeannedarc-figeac.fr\/maternelle-primaire\/wp-json\/wp\/v2\/types\/page"}],"author":[{"embeddable":true,"href":"https:\/\/www.jeannedarc-figeac.fr\/maternelle-primaire\/wp-json\/wp\/v2\/users\/1"}],"replies":[{"embeddable":true,"href":"https:\/\/www.jeannedarc-figeac.fr\/maternelle-primaire\/wp-json\/wp\/v2\/comments?post=149"}],"version-history":[{"count":13,"href":"https:\/\/www.jeannedarc-figeac.fr\/maternelle-primaire\/wp-json\/wp\/v2\/pages\/149\/revisions"}],"predecessor-version":[{"id":728,"href":"https:\/\/www.jeannedarc-figeac.fr\/maternelle-primaire\/wp-json\/wp\/v2\/pages\/149\/revisions\/728"}],"wp:attachment":[{"href":"https:\/\/www.jeannedarc-figeac.fr\/maternelle-primaire\/wp-json\/wp\/v2\/media?parent=149"}],"curies":[{"name":"wp","href":"https:\/\/api.w.org\/{rel}","templated":true}]}}