{"id":137,"date":"2015-01-14T15:17:32","date_gmt":"2015-01-14T15:17:32","guid":{"rendered":"http:\/\/www.jeannedarc-figeac.fr\/maternelle-primaire\/?page_id=137"},"modified":"2019-11-14T18:49:16","modified_gmt":"2019-11-14T17:49:16","slug":"infos-pratiques","status":"publish","type":"page","link":"https:\/\/www.jeannedarc-figeac.fr\/maternelle-primaire\/infos-pratiques\/","title":{"rendered":"Infos pratiques"},"content":{"rendered":"<p>[et_pb_section fullwidth=\u00a0\u00bbon\u00a0\u00bb specialty=\u00a0\u00bboff\u00a0\u00bb transparent_background=\u00a0\u00bbon\u00a0\u00bb background_color=\u00a0\u00bb#2ea3f2&Prime; inner_shadow=\u00a0\u00bbon\u00a0\u00bb parallax=\u00a0\u00bboff\u00a0\u00bb parallax_method=\u00a0\u00bboff\u00a0\u00bb background_image=\u00a0\u00bbhttp:\/\/www.jeannedarc-figeac.fr\/maternelle-primaire\/wp-content\/uploads\/sites\/3\/2015\/02\/TitleECOLE.png\u00a0\u00bb allow_player_pause=\u00a0\u00bboff\u00a0\u00bb][et_pb_fullwidth_header admin_label=\u00a0\u00bbFullwidth Header\u00a0\u00bb title=\u00a0\u00bbInfos pratiques :\u00a0\u00bb background_layout=\u00a0\u00bblight\u00a0\u00bb text_orientation=\u00a0\u00bbleft\u00a0\u00bb \/][\/et_pb_section][et_pb_section transparent_background=\u00a0\u00bboff\u00a0\u00bb background_color=\u00a0\u00bb#f9f9f9&Prime; inner_shadow=\u00a0\u00bboff\u00a0\u00bb parallax=\u00a0\u00bboff\u00a0\u00bb parallax_method=\u00a0\u00bboff\u00a0\u00bb][et_pb_row][et_pb_column type=\u00a0\u00bb1_3&Prime;][et_pb_text admin_label=\u00a0\u00bbTexte\u00a0\u00bb background_layout=\u00a0\u00bblight\u00a0\u00bb text_orientation=\u00a0\u00bbleft\u00a0\u00bb]<\/p>\n<h2><span style=\"color: #ffcc00;\">HORAIRES<br \/>\n<\/span><\/h2>\n<p>[\/et_pb_text][et_pb_text admin_label=\u00a0\u00bbText\u00a0\u00bb background_layout=\u00a0\u00bblight\u00a0\u00bb text_orientation=\u00a0\u00bbleft\u00a0\u00bb]<\/p>\n<p><strong>Horaires scolaires : <\/strong><em>semaine de 4 jours<\/em><br \/>\nMatin : 8h45-11h45<br \/>\nApr\u00e8s-midi : 13h45-16h45<\/p>\n<p>L&rsquo;aide personnalis\u00e9e ( soutien scolaire) est propos\u00e9e de 11h55 \u00e0 12h25<\/p>\n<p>[\/et_pb_text][et_pb_text admin_label=\u00a0\u00bbText\u00a0\u00bb background_layout=\u00a0\u00bblight\u00a0\u00bb text_orientation=\u00a0\u00bbleft\u00a0\u00bb]<\/p>\n<p><strong>Garderie et \u00e9tude\u00a0:<\/strong><\/p>\n<p>Matin :\u00a07h15-8h15<br \/>\nSoir\u00a0:\u00a017h-19h<\/p>\n<p>Etude surveill\u00e9e<br \/>\npour les \u00e9l\u00e8ves du CE1 au CM2 :\u00a017h &#8211; 18h30<\/p>\n<p>[\/et_pb_text][et_pb_text admin_label=\u00a0\u00bbText\u00a0\u00bb background_layout=\u00a0\u00bblight\u00a0\u00bb text_orientation=\u00a0\u00bbleft\u00a0\u00bb]<\/p>\n<p><strong>Cantine\u00a0:<\/strong><br \/>\n<em>en 4 services<\/em><\/p>\n<p>2 en Maternelle :\u00a0de 11h30 \u00e0 12h30<br \/>\n2 en Primaire &#8211; <em>Self<\/em> :\u00a012h30 \u00e0 13h30<\/p>\n<p>[\/et_pb_text][\/et_pb_column][et_pb_column type=\u00a0\u00bb2_3&Prime;][et_pb_text admin_label=\u00a0\u00bbTexte\u00a0\u00bb background_layout=\u00a0\u00bblight\u00a0\u00bb text_orientation=\u00a0\u00bbleft\u00a0\u00bb]<\/p>\n<h2><span style=\"color: #ffcc00;\">JOURNEE DU MERCREDI<\/span><\/h2>\n<p>Pour les parents qui le d\u00e9sirent, l\u2019Ecole organise un accueil de loisirs sans h\u00e9bergement tous les Mercredis pendant le temps scolaire.<br \/>\n<strong>Horaires :<\/strong> 7 h 30 \u2013 19 h<br \/>\n<strong>Lieu :<\/strong> A l\u2019\u00e9cole Jeanne d\u2019Arc<br \/>\nLes enfants des classes maternelles (\u00e0 partir de 3 ans) et primaires peuvent \u00eatre accueillis :<\/p>\n<ul>\n<li>\u00e0 la demi-journ\u00e9e<\/li>\n<li>\u00e0 la journ\u00e9e avec repas.<\/li>\n<\/ul>\n<p><strong>Tarif :<\/strong> <em>R\u00e8glement le matin \u00e0 l\u2019inscription.<\/em><\/p>\n<p><strong>L\u2019encadrement :<\/strong><br \/>\nIl est assur\u00e9 par le personnel dipl\u00f4m\u00e9 de l\u2019\u00e9cole.<br \/>\n<strong>Objectifs vis\u00e9s :<\/strong><br \/>\nRespecter le rythme de vie de chaque enfant<br \/>\nEn proposant des horaires souples, ce qui permet aux parents d\u2019am\u00e9nager les horaires de leurs enfants<br \/>\nExp\u00e9rimenter les lois fondamentales de la vie en soci\u00e9t\u00e9 :<br \/>\nPour d\u00e9couvrir que celle-ci repose sur des r\u00e8gles et des principes de base : respecter les personnes comme on voudrait \u00eatre respect\u00e9, respecter les biens mat\u00e9riels communs, apprendre \u00e0 respecter les points de vue, \u00e0 n\u00e9gocier\u2026<br \/>\nD\u00e9velopper le sens de l\u2019\u00e9veil et de la curiosit\u00e9<\/p>\n<p>[\/et_pb_text][\/et_pb_column][\/et_pb_row][et_pb_row][et_pb_column type=\u00a0\u00bb1_2&Prime;][\/et_pb_column][et_pb_column type=\u00a0\u00bb1_2&Prime;][et_pb_text admin_label=\u00a0\u00bbTexte\u00a0\u00bb background_layout=\u00a0\u00bblight\u00a0\u00bb text_orientation=\u00a0\u00bbleft\u00a0\u00bb]<\/p>\n<h2><span style=\"color: #ffcc00;\">ACTIVITES PEDAGOGIQUES<br \/>\n<\/span><\/h2>\n<ul>\n<li><strong>Silence, On Lit !<\/strong> (SOL) : 1\/4 h de lecture quotidienne<\/li>\n<li>Initiation aux langues vivantes : de la PS au CM2 (Anglais)<\/li>\n<li><strong>Certification Cambridge<\/strong><\/li>\n<li>Classe mobile d\u2019Ipad<\/li>\n<li>S\u00e9jour d\u2019\u00e9tude en Vend\u00e9e &#8211; Puy du FOU-TIFFAUGES pour les CM 2<\/li>\n<li>Sorties scolaires pour toutes les classes.<\/li>\n<li>Cours de natation : CP, CE1<\/li>\n<li>Animations avec le service patrimoine de la ville.<\/li>\n<li>Animation Biblioth\u00e8que Municipale. (F\u00eate du Livre)<\/li>\n<\/ul>\n<p>[\/et_pb_text][\/et_pb_column][\/et_pb_row][\/et_pb_section]<\/p>\n","protected":false},"excerpt":{"rendered":"<div class=\"et_pb_row et_pb_row_0 et_pb_row_empty\"><\/div>\n<p> HORAIRES Horaires scolaires : semaine de 4 jours Matin : 8h45-11h45 Apr\u00e8s-midi : 13h45-16h45 L&rsquo;aide personnalis\u00e9e ( soutien scolaire) est propos\u00e9e de 11h55 \u00e0 12h25 Garderie et \u00e9tude\u00a0: Matin :\u00a07h15-8h15 Soir\u00a0:\u00a017h-19h Etude surveill\u00e9e pour les \u00e9l\u00e8ves du CE1 au CM2 :\u00a017h &#8211; 18h30 Cantine\u00a0: en 4 services 2 en Maternelle :\u00a0de 11h30 \u00e0 12h30 [&hellip;]<\/p>\n","protected":false},"author":1,"featured_media":0,"parent":0,"menu_order":0,"comment_status":"open","ping_status":"open","template":"","meta":{"_et_pb_use_builder":"on","_et_pb_old_content":"","_et_gb_content_width":"","iawp_total_views":357,"footnotes":""},"class_list":["post-137","page","type-page","status-publish","hentry"],"jetpack_shortlink":"https:\/\/wp.me\/P5Qy4q-2d","jetpack_sharing_enabled":true,"_links":{"self":[{"href":"https:\/\/www.jeannedarc-figeac.fr\/maternelle-primaire\/wp-json\/wp\/v2\/pages\/137","targetHints":{"allow":["GET"]}}],"collection":[{"href":"https:\/\/www.jeannedarc-figeac.fr\/maternelle-primaire\/wp-json\/wp\/v2\/pages"}],"about":[{"href":"https:\/\/www.jeannedarc-figeac.fr\/maternelle-primaire\/wp-json\/wp\/v2\/types\/page"}],"author":[{"embeddable":true,"href":"https:\/\/www.jeannedarc-figeac.fr\/maternelle-primaire\/wp-json\/wp\/v2\/users\/1"}],"replies":[{"embeddable":true,"href":"https:\/\/www.jeannedarc-figeac.fr\/maternelle-primaire\/wp-json\/wp\/v2\/comments?post=137"}],"version-history":[{"count":24,"href":"https:\/\/www.jeannedarc-figeac.fr\/maternelle-primaire\/wp-json\/wp\/v2\/pages\/137\/revisions"}],"predecessor-version":[{"id":1960,"href":"https:\/\/www.jeannedarc-figeac.fr\/maternelle-primaire\/wp-json\/wp\/v2\/pages\/137\/revisions\/1960"}],"wp:attachment":[{"href":"https:\/\/www.jeannedarc-figeac.fr\/maternelle-primaire\/wp-json\/wp\/v2\/media?parent=137"}],"curies":[{"name":"wp","href":"https:\/\/api.w.org\/{rel}","templated":true}]}}