{"id":386,"date":"2015-01-20T22:11:38","date_gmt":"2015-01-20T22:11:38","guid":{"rendered":"http:\/\/www.jeannedarc-figeac.fr\/college-lycee\/?page_id=386"},"modified":"2025-02-06T16:03:55","modified_gmt":"2025-02-06T16:03:55","slug":"tarifs","status":"publish","type":"page","link":"https:\/\/www.jeannedarc-figeac.fr\/college-lycee\/tarifs\/","title":{"rendered":"Tarifs"},"content":{"rendered":"<p>[et_pb_section fb_built=\u00a0\u00bb1&Prime; inner_shadow=\u00a0\u00bbon\u00a0\u00bb fullwidth=\u00a0\u00bbon\u00a0\u00bb _builder_version=\u00a0\u00bb4.16&Prime; background_color=\u00a0\u00bbrgba(255,255,255,0)\u00a0\u00bb background_image=\u00a0\u00bbhttp:\/\/www.jeannedarc-figeac.fr\/college-lycee\/wp-content\/uploads\/sites\/5\/2015\/02\/TitleCOLLEGE.png\u00a0\u00bb transparent_background=\u00a0\u00bbon\u00a0\u00bb global_colors_info=\u00a0\u00bb{}\u00a0\u00bb][et_pb_fullwidth_header title=\u00a0\u00bbEtablissement\u00a0\u00bb subhead=\u00a0\u00bbTarifs\u00a0\u00bb content_max_width=\u00a0\u00bbnone\u00a0\u00bb admin_label=\u00a0\u00bbFullwidth Header\u00a0\u00bb _builder_version=\u00a0\u00bb4.16&Prime; background_color=\u00a0\u00bbrgba(255, 255, 255, 0)\u00a0\u00bb global_colors_info=\u00a0\u00bb{}\u00a0\u00bb button_one_text_size__hover_enabled=\u00a0\u00bboff\u00a0\u00bb button_two_text_size__hover_enabled=\u00a0\u00bboff\u00a0\u00bb button_one_text_color__hover_enabled=\u00a0\u00bboff\u00a0\u00bb button_two_text_color__hover_enabled=\u00a0\u00bboff\u00a0\u00bb button_one_border_width__hover_enabled=\u00a0\u00bboff\u00a0\u00bb button_two_border_width__hover_enabled=\u00a0\u00bboff\u00a0\u00bb button_one_border_color__hover_enabled=\u00a0\u00bboff\u00a0\u00bb button_two_border_color__hover_enabled=\u00a0\u00bboff\u00a0\u00bb button_one_border_radius__hover_enabled=\u00a0\u00bboff\u00a0\u00bb button_two_border_radius__hover_enabled=\u00a0\u00bboff\u00a0\u00bb button_one_letter_spacing__hover_enabled=\u00a0\u00bboff\u00a0\u00bb button_two_letter_spacing__hover_enabled=\u00a0\u00bboff\u00a0\u00bb button_one_bg_color__hover_enabled=\u00a0\u00bboff\u00a0\u00bb button_two_bg_color__hover_enabled=\u00a0\u00bboff\u00a0\u00bb][\/et_pb_fullwidth_header][\/et_pb_section][et_pb_section fb_built=\u00a0\u00bb1&Prime; _builder_version=\u00a0\u00bb4.16&Prime; global_colors_info=\u00a0\u00bb{}\u00a0\u00bb][et_pb_row column_structure=\u00a0\u00bb1_4,3_4&Prime; _builder_version=\u00a0\u00bb4.16&Prime; background_size=\u00a0\u00bbinitial\u00a0\u00bb background_position=\u00a0\u00bbtop_left\u00a0\u00bb background_repeat=\u00a0\u00bbrepeat\u00a0\u00bb global_colors_info=\u00a0\u00bb{}\u00a0\u00bb][et_pb_column type=\u00a0\u00bb1_4&Prime; _builder_version=\u00a0\u00bb4.16&Prime; custom_padding=\u00a0\u00bb|||\u00a0\u00bb global_colors_info=\u00a0\u00bb{}\u00a0\u00bb custom_padding__hover=\u00a0\u00bb|||\u00a0\u00bb][et_pb_sidebar area=\u00a0\u00bbet_pb_widget_area_4&Prime; admin_label=\u00a0\u00bbSidebar\u00a0\u00bb _builder_version=\u00a0\u00bb4.16&Prime; global_colors_info=\u00a0\u00bb{}\u00a0\u00bb][\/et_pb_sidebar][et_pb_cta title=\u00a0\u00bbPratique !\u00a0\u00bb button_url=\u00a0\u00bb@ET-DC@eyJkeW5hbWljIjp0cnVlLCJjb250ZW50IjoicG9zdF9saW5rX3VybF9hdHRhY2htZW50Iiwic2V0dGluZ3MiOnsicG9zdF9pZCI6IjYwMDQifX0=@\u00a0\u00bb url_new_window=\u00a0\u00bbon\u00a0\u00bb button_text=\u00a0\u00bbT\u00e9l\u00e9charger\u00a0\u00bb admin_label=\u00a0\u00bbAppel d&rsquo;action Tarifs\u00a0\u00bb _builder_version=\u00a0\u00bb4.27.4&Prime; _dynamic_attributes=\u00a0\u00bbbutton_url\u00a0\u00bb background_color=\u00a0\u00bb#0b53f3&Prime; background_size=\u00a0\u00bbinitial\u00a0\u00bb background_position=\u00a0\u00bbtop_left\u00a0\u00bb background_repeat=\u00a0\u00bbrepeat\u00a0\u00bb custom_button=\u00a0\u00bbon\u00a0\u00bb button_text_size=\u00a0\u00bb17px\u00a0\u00bb button_border_radius=\u00a0\u00bb14px\u00a0\u00bb text_orientation=\u00a0\u00bbleft\u00a0\u00bb hover_enabled=\u00a0\u00bb0&Prime; border_radii=\u00a0\u00bbon|54px|54px|54px|54px\u00a0\u00bb box_shadow_style_button=\u00a0\u00bbpreset4&Prime; box_shadow_blur_button=\u00a0\u00bb5px\u00a0\u00bb global_colors_info=\u00a0\u00bb{}\u00a0\u00bb button_text_size__hover_enabled=\u00a0\u00bboff\u00a0\u00bb button_one_text_size__hover_enabled=\u00a0\u00bboff\u00a0\u00bb button_two_text_size__hover_enabled=\u00a0\u00bboff\u00a0\u00bb button_text_color__hover_enabled=\u00a0\u00bboff\u00a0\u00bb button_one_text_color__hover_enabled=\u00a0\u00bboff\u00a0\u00bb button_two_text_color__hover_enabled=\u00a0\u00bboff\u00a0\u00bb button_border_width__hover_enabled=\u00a0\u00bboff\u00a0\u00bb button_one_border_width__hover_enabled=\u00a0\u00bboff\u00a0\u00bb button_two_border_width__hover_enabled=\u00a0\u00bboff\u00a0\u00bb button_border_color__hover_enabled=\u00a0\u00bboff\u00a0\u00bb button_one_border_color__hover_enabled=\u00a0\u00bboff\u00a0\u00bb button_two_border_color__hover_enabled=\u00a0\u00bboff\u00a0\u00bb button_border_radius__hover_enabled=\u00a0\u00bboff\u00a0\u00bb button_one_border_radius__hover_enabled=\u00a0\u00bboff\u00a0\u00bb button_two_border_radius__hover_enabled=\u00a0\u00bboff\u00a0\u00bb button_letter_spacing__hover_enabled=\u00a0\u00bboff\u00a0\u00bb button_one_letter_spacing__hover_enabled=\u00a0\u00bboff\u00a0\u00bb button_two_letter_spacing__hover_enabled=\u00a0\u00bboff\u00a0\u00bb button_bg_color__hover_enabled=\u00a0\u00bboff\u00a0\u00bb button_one_bg_color__hover_enabled=\u00a0\u00bboff\u00a0\u00bb button_two_bg_color__hover_enabled=\u00a0\u00bboff\u00a0\u00bb sticky_enabled=\u00a0\u00bb0&Prime;]<img data-recalc-dims=\"1\" loading=\"lazy\" decoding=\"async\" class=\"alignleft wp-image-1096\" src=\"https:\/\/i0.wp.com\/www.jeannedarc-figeac.fr\/college-lycee\/wp-content\/uploads\/sites\/5\/2015\/01\/PdfIconJaune.png?resize=53%2C66\" alt=\"PdfIconJaune\" width=\"53\" height=\"66\" \/>\u00a0 Les Tarifs2024-2025<\/p>\n<p>[\/et_pb_cta][\/et_pb_column][et_pb_column type=\u00a0\u00bb3_4&Prime; _builder_version=\u00a0\u00bb4.16&Prime; custom_padding=\u00a0\u00bb|||\u00a0\u00bb global_colors_info=\u00a0\u00bb{}\u00a0\u00bb custom_padding__hover=\u00a0\u00bb|||\u00a0\u00bb][et_pb_text _builder_version=\u00a0\u00bb4.27.4&Prime; _module_preset=\u00a0\u00bbdefault\u00a0\u00bb text_orientation=\u00a0\u00bbcenter\u00a0\u00bb hover_enabled=\u00a0\u00bb0&Prime; global_colors_info=\u00a0\u00bb{}\u00a0\u00bb sticky_enabled=\u00a0\u00bb0&Prime;]<\/p>\n<h1 style=\"text-align: center;\">TARIFS CONTRIBUTION FAMILIALE 2025\/2026<\/h1>\n<p>[\/et_pb_text][et_pb_text _builder_version=\u00a0\u00bb4.27.4&Prime; _module_preset=\u00a0\u00bbdefault\u00a0\u00bb hover_enabled=\u00a0\u00bb0&Prime; global_colors_info=\u00a0\u00bb{}\u00a0\u00bb sticky_enabled=\u00a0\u00bb0&Prime;]<\/p>\n<table style=\"height: 368px; width: 100%; border-collapse: collapse; border-style: solid; margin-left: auto; margin-right: auto; border-color: #000000;\" border=\"2\">\n<thead>\n<tr style=\"background-color: #777df4;\">\n<td style=\"width: 20.7551%; height: 24px; border-style: solid; border-color: #000000; background-color: #33c2ff; text-align: center;\"><span style=\"color: #000000;\">Quotient <em>Familial *<br \/><\/em><\/span><\/td>\n<td style=\"width: 19.2449%; height: 24px; border-style: solid; border-color: #000000; background-color: #33c2ff; text-align: center;\"><span style=\"color: #000000;\">Q = RFR \/ NPF<\/span><\/td>\n<td style=\"width: 20%; height: 24px; border-style: solid; border-color: #000000; background-color: #33c2ff; text-align: center;\"><span style=\"color: #000000;\">Cat\u00e9gorie<\/span><\/td>\n<td style=\"width: 20%; height: 24px; border-color: #000000; border-style: solid; background-color: #33ff57; text-align: center;\"><span style=\"color: #000000;\">Contribution mensuelle \/ 10 mois<\/span><\/td>\n<td style=\"width: 20%; height: 24px; border-style: solid; border-color: #000000; background-color: #ff5733; text-align: center;\"><span style=\"color: #000000;\">Contribution Mensuelle \/ 10 mois<\/span><\/td>\n<\/tr>\n<tr style=\"background-color: #777df4;\">\n<td style=\"width: 20.7551%; height: 24px; border-style: solid; border-color: #000000; background-color: #33c2ff; text-align: center;\"><span style=\"color: #000000;\">De<\/span><\/td>\n<td style=\"width: 19.2449%; height: 24px; border-style: solid; border-color: #000000; background-color: #33c2ff; text-align: center;\"><span style=\"color: #000000;\">\u00e0<\/span><\/td>\n<td style=\"width: 20%; height: 24px; border-style: solid; border-color: #000000; background-color: #33c2ff; text-align: center;\"><\/td>\n<td style=\"width: 20%; height: 24px; border-color: #000000; border-style: solid; background-color: #33ff57; text-align: center;\"><span style=\"color: #000000;\">COLLEGE<\/span><\/td>\n<td style=\"width: 20%; height: 24px; border-style: solid; border-color: #000000; background-color: #ff5733; text-align: center;\"><span style=\"color: #000000;\">LYCEE<\/span><\/td>\n<\/tr>\n<\/thead>\n<tbody>\n<tr style=\"height: 24px;\">\n<td style=\"width: 20.7551%; height: 40px; border-style: solid; border-color: #000000; background-color: #33c2ff; text-align: center;\"><span style=\"color: #000000;\">0 \u20ac<\/span><\/td>\n<td style=\"width: 19.2449%; height: 40px; border-style: solid; border-color: #000000; background-color: #33c2ff; text-align: center;\"><span style=\"color: #000000;\">5.000 \u20ac<\/span><\/td>\n<td style=\"width: 20%; height: 40px; border-style: solid; border-color: #000000; background-color: #33c2ff; text-align: center;\"><span style=\"color: #000000;\"><strong>A<\/strong><\/span><\/td>\n<td style=\"width: 20%; height: 40px; border-color: #000000; border-style: solid; background-color: #33ff57; text-align: center;\"><span style=\"color: #000000;\">64,50 \u20ac<\/span><\/td>\n<td style=\"width: 20%; height: 40px; border-style: solid; border-color: #000000; background-color: #ff5733; text-align: center;\"><span style=\"color: #000000;\">71,00 \u20ac<\/span><\/td>\n<\/tr>\n<tr style=\"height: 24px;\">\n<td style=\"width: 20.7551%; height: 40px; border-style: solid; border-color: #000000; background-color: #33c2ff; text-align: center;\"><span style=\"color: #000000;\">5.001 \u20ac<\/span><\/td>\n<td style=\"width: 19.2449%; height: 40px; border-style: solid; border-color: #000000; background-color: #33c2ff; text-align: center;\"><span style=\"color: #000000;\">8.000 \u20ac<\/span><\/td>\n<td style=\"width: 20%; height: 40px; border-style: solid; border-color: #000000; background-color: #33c2ff; text-align: center;\"><span style=\"color: #000000;\"><strong>B<\/strong><\/span><\/td>\n<td style=\"width: 20%; height: 40px; border-color: #000000; border-style: solid; background-color: #33ff57; text-align: center;\"><span style=\"color: #000000;\">71,00 \u20ac<\/span><\/td>\n<td style=\"width: 20%; height: 40px; border-style: solid; border-color: #000000; background-color: #ff5733; text-align: center;\"><span style=\"color: #000000;\">77,50 \u20ac<\/span><\/td>\n<\/tr>\n<tr style=\"height: 24px;\">\n<td style=\"width: 20.7551%; height: 40px; border-style: solid; border-color: #000000; background-color: #33c2ff; text-align: center;\"><span style=\"color: #000000;\">8.001 \u20ac<\/span><\/td>\n<td style=\"width: 19.2449%; height: 40px; border-style: solid; border-color: #000000; background-color: #33c2ff; text-align: center;\"><span style=\"color: #000000;\">11.000 \u20ac<\/span><\/td>\n<td style=\"width: 20%; height: 40px; border-style: solid; border-color: #000000; background-color: #33c2ff; text-align: center;\"><span style=\"color: #000000;\"><strong>C<\/strong><\/span><\/td>\n<td style=\"width: 20%; height: 40px; border-color: #000000; border-style: solid; background-color: #33ff57; text-align: center;\"><span style=\"color: #000000;\">77,00 \u20ac<\/span><\/td>\n<td style=\"width: 20%; height: 40px; border-style: solid; border-color: #000000; background-color: #ff5733; text-align: center;\"><span style=\"color: #000000;\">83,50 \u20ac<\/span><\/td>\n<\/tr>\n<tr style=\"height: 24px;\">\n<td style=\"width: 20.7551%; height: 40px; border-style: solid; border-color: #000000; background-color: #33c2ff; text-align: center;\"><span style=\"color: #000000;\">11.001 \u20ac<\/span><\/td>\n<td style=\"width: 19.2449%; height: 40px; border-style: solid; border-color: #000000; background-color: #33c2ff; text-align: center;\"><span style=\"color: #000000;\">14.000 \u20ac<\/span><\/td>\n<td style=\"width: 20%; height: 40px; border-style: solid; border-color: #000000; background-color: #33c2ff; text-align: center;\"><span style=\"color: #000000;\"><strong>D<\/strong><\/span><\/td>\n<td style=\"width: 20%; height: 40px; border-color: #000000; border-style: solid; background-color: #33ff57; text-align: center;\"><span style=\"color: #000000;\">81,50 \u20ac<\/span><\/td>\n<td style=\"width: 20%; height: 40px; border-style: solid; border-color: #000000; background-color: #ff5733; text-align: center;\"><span style=\"color: #000000;\">88,00 \u20ac<\/span><\/td>\n<\/tr>\n<tr style=\"height: 24px;\">\n<td style=\"width: 20.7551%; height: 40px; border-style: solid; border-color: #000000; background-color: #33c2ff; text-align: center;\"><span style=\"color: #000000;\">14.001 \u20ac<\/span><\/td>\n<td style=\"width: 19.2449%; height: 40px; border-style: solid; border-color: #000000; background-color: #33c2ff; text-align: center;\"><span style=\"color: #000000;\">17.000 \u20ac<\/span><\/td>\n<td style=\"width: 20%; height: 40px; border-style: solid; border-color: #000000; background-color: #33c2ff; text-align: center;\"><span style=\"color: #000000;\"><strong>E<\/strong><\/span><\/td>\n<td style=\"width: 20%; height: 40px; border-color: #000000; border-style: solid; background-color: #33ff57; text-align: center;\"><span style=\"color: #000000;\">86,00 \u20ac<\/span><\/td>\n<td style=\"width: 20%; height: 40px; border-style: solid; border-color: #000000; background-color: #ff5733; text-align: center;\"><span style=\"color: #000000;\">93,00 \u20ac<\/span><\/td>\n<\/tr>\n<tr style=\"height: 24px;\">\n<td style=\"width: 20.7551%; height: 40px; border-style: solid; border-color: #000000; background-color: #33c2ff; text-align: center;\"><span style=\"color: #000000;\">17.001 \u20ac<\/span><\/td>\n<td style=\"width: 19.2449%; height: 40px; border-style: solid; border-color: #000000; background-color: #33c2ff; text-align: center;\"><span style=\"color: #000000;\">20.000 \u20ac<\/span><\/td>\n<td style=\"width: 20%; height: 40px; border-style: solid; border-color: #000000; background-color: #33c2ff; text-align: center;\"><span style=\"color: #000000;\"><strong>F<\/strong><\/span><\/td>\n<td style=\"width: 20%; height: 40px; border-color: #000000; border-style: solid; background-color: #33ff57; text-align: center;\"><span style=\"color: #000000;\">91,00 \u20ac<\/span><\/td>\n<td style=\"width: 20%; height: 40px; border-style: solid; border-color: #000000; background-color: #ff5733; text-align: center;\"><span style=\"color: #000000;\">98,00 \u20ac<\/span><\/td>\n<\/tr>\n<tr style=\"height: 24px;\">\n<td style=\"width: 20.7551%; height: 40px; border-style: solid; border-color: #000000; background-color: #33c2ff; text-align: center;\"><span style=\"color: #000000;\">20.001 \u20ac<\/span><\/td>\n<td style=\"width: 19.2449%; height: 40px; border-style: solid; border-color: #000000; background-color: #33c2ff; text-align: center;\"><span style=\"color: #000000;\">25.000 \u20ac<\/span><\/td>\n<td style=\"width: 20%; height: 40px; border-style: solid; border-color: #000000; background-color: #33c2ff; text-align: center;\"><span style=\"color: #000000;\"><strong>G<\/strong><\/span><\/td>\n<td style=\"width: 20%; height: 40px; border-color: #000000; border-style: solid; background-color: #33ff57; text-align: center;\"><span style=\"color: #000000;\">96,50 \u20ac<\/span><\/td>\n<td style=\"width: 20%; height: 40px; border-style: solid; border-color: #000000; background-color: #ff5733; text-align: center;\"><span style=\"color: #000000;\">103,50 \u20ac<\/span><\/td>\n<\/tr>\n<tr style=\"height: 24px;\">\n<td style=\"width: 20.7551%; height: 40px; border-style: solid; border-color: #000000; background-color: #33c2ff; text-align: center;\"><span style=\"color: #000000;\">25.001 \u20ac<\/span><\/td>\n<td style=\"width: 19.2449%; height: 40px; border-style: solid; border-color: #000000; background-color: #33c2ff; text-align: center;\"><span style=\"color: #000000;\">et plus<\/span><\/td>\n<td style=\"width: 20%; height: 40px; border-style: solid; border-color: #000000; background-color: #33c2ff; text-align: center;\"><span style=\"color: #000000;\"><strong>H<\/strong><\/span><\/td>\n<td style=\"width: 20%; height: 40px; border-color: #000000; border-style: solid; background-color: #33ff57; text-align: center;\"><span style=\"color: #000000;\">98,50 \u20ac<\/span><\/td>\n<td style=\"width: 20%; height: 40px; border-style: solid; border-color: #000000; background-color: #ff5733; text-align: center;\"><span style=\"color: #000000;\">105,50 \u20ac<\/span><\/td>\n<\/tr>\n<\/tbody>\n<\/table>\n<p>[\/et_pb_text][et_pb_text _builder_version=\u00a0\u00bb4.24.2&Prime; _module_preset=\u00a0\u00bbdefault\u00a0\u00bb global_colors_info=\u00a0\u00bb{}\u00a0\u00bb]<\/p>\n<h3><strong>* Quotient Familial (QF) = Revenu Fiscal de R\u00e9f\u00e9rence \/ Nombre de Parts Fiscales<\/strong><\/h3>\n<p>[\/et_pb_text][et_pb_text _builder_version=\u00a0\u00bb4.27.4&Prime; _module_preset=\u00a0\u00bbdefault\u00a0\u00bb hover_enabled=\u00a0\u00bb0&Prime; global_colors_info=\u00a0\u00bb{}\u00a0\u00bb sticky_enabled=\u00a0\u00bb0&Prime;]<\/p>\n<p>* Pour d\u00e9terminer votre quotient familial, munissez-vous de votre dernier avis d&rsquo;imposition 2024 sur les revenus de 2023 et divisez votre Revenu Fiscal de R\u00e9f\u00e9rence (R.F.R) par le nombre de part(s).<\/p>\n<p>Si aucun avis d&rsquo;imposition n&rsquo;est fourni avec l&rsquo;engagement financier, le tarif appliqu\u00e9 sera la cat\u00e9gorie H.<\/p>\n<p>Pour les parents s\u00e9par\u00e9s, 2 factures pourront \u00eatre \u00e9tablies en fonction du Quotient Familial de chacun.<\/p>\n<p>[\/et_pb_text][\/et_pb_column][\/et_pb_row][\/et_pb_section]<\/p>\n","protected":false},"excerpt":{"rendered":"<p>\u00a0 Les Tarifs2024-2025TARIFS CONTRIBUTION FAMILIALE 2025\/2026 Quotient Familial * Q = RFR \/ NPF Cat\u00e9gorie Contribution mensuelle \/ 10 mois Contribution Mensuelle \/ 10 mois De \u00e0 COLLEGE LYCEE 0 \u20ac 5.000 \u20ac A 64,50 \u20ac 71,00 \u20ac 5.001 \u20ac 8.000 \u20ac B 71,00 \u20ac 77,50 \u20ac 8.001 \u20ac 11.000 \u20ac C 77,00 \u20ac 83,50 [&hellip;]<\/p>\n","protected":false},"author":1,"featured_media":0,"parent":0,"menu_order":0,"comment_status":"closed","ping_status":"open","template":"","meta":{"_et_pb_use_builder":"on","_et_pb_old_content":"","_et_gb_content_width":"","iawp_total_views":1843,"footnotes":""},"class_list":["post-386","page","type-page","status-publish","hentry"],"yoast_head":"<!-- This site is optimized with the Yoast SEO plugin v26.0 - https:\/\/yoast.com\/wordpress\/plugins\/seo\/ -->\n<title>Tarifs<\/title>\n<meta name=\"description\" content=\"Tarifs ...\" \/>\n<meta name=\"robots\" content=\"index, follow, max-snippet:-1, max-image-preview:large, max-video-preview:-1\" \/>\n<link rel=\"canonical\" href=\"http:\/\/www.jeannedarc-figeac.fr\/college-lycee\/tarifs\/\" \/>\n<meta property=\"og:locale\" content=\"fr_FR\" \/>\n<meta property=\"og:type\" content=\"article\" \/>\n<meta property=\"og:title\" content=\"Tarifs\" \/>\n<meta property=\"og:description\" content=\"Tarifs ...\" \/>\n<meta property=\"og:url\" content=\"http:\/\/www.jeannedarc-figeac.fr\/college-lycee\/tarifs\/\" \/>\n<meta property=\"og:site_name\" content=\"Coll\u00e8ge et Lyc\u00e9e Jeanne d&#039;Arc\" \/>\n<meta property=\"article:modified_time\" content=\"2025-02-06T16:03:55+00:00\" \/>\n<meta property=\"og:image\" content=\"http:\/\/www.jeannedarc-figeac.fr\/college-lycee\/wp-content\/uploads\/sites\/5\/2015\/01\/PdfIconJaune.png\" \/>\n<script type=\"application\/ld+json\" class=\"yoast-schema-graph\">{\"@context\":\"https:\/\/schema.org\",\"@graph\":[{\"@type\":\"WebPage\",\"@id\":\"http:\/\/www.jeannedarc-figeac.fr\/college-lycee\/tarifs\/\",\"url\":\"http:\/\/www.jeannedarc-figeac.fr\/college-lycee\/tarifs\/\",\"name\":\"Tarifs\",\"isPartOf\":{\"@id\":\"https:\/\/www.jeannedarc-figeac.fr\/college-lycee\/#website\"},\"primaryImageOfPage\":{\"@id\":\"http:\/\/www.jeannedarc-figeac.fr\/college-lycee\/tarifs\/#primaryimage\"},\"image\":{\"@id\":\"http:\/\/www.jeannedarc-figeac.fr\/college-lycee\/tarifs\/#primaryimage\"},\"thumbnailUrl\":\"http:\/\/www.jeannedarc-figeac.fr\/college-lycee\/wp-content\/uploads\/sites\/5\/2015\/01\/PdfIconJaune.png\",\"datePublished\":\"2015-01-20T22:11:38+00:00\",\"dateModified\":\"2025-02-06T16:03:55+00:00\",\"description\":\"Tarifs ...\",\"breadcrumb\":{\"@id\":\"http:\/\/www.jeannedarc-figeac.fr\/college-lycee\/tarifs\/#breadcrumb\"},\"inLanguage\":\"fr-FR\",\"potentialAction\":[{\"@type\":\"ReadAction\",\"target\":[\"http:\/\/www.jeannedarc-figeac.fr\/college-lycee\/tarifs\/\"]}]},{\"@type\":\"ImageObject\",\"inLanguage\":\"fr-FR\",\"@id\":\"http:\/\/www.jeannedarc-figeac.fr\/college-lycee\/tarifs\/#primaryimage\",\"url\":\"https:\/\/i0.wp.com\/www.jeannedarc-figeac.fr\/college-lycee\/wp-content\/uploads\/sites\/5\/2015\/01\/PdfIconJaune.png?fit=71%2C85&ssl=1\",\"contentUrl\":\"https:\/\/i0.wp.com\/www.jeannedarc-figeac.fr\/college-lycee\/wp-content\/uploads\/sites\/5\/2015\/01\/PdfIconJaune.png?fit=71%2C85&ssl=1\",\"width\":71,\"height\":85},{\"@type\":\"BreadcrumbList\",\"@id\":\"http:\/\/www.jeannedarc-figeac.fr\/college-lycee\/tarifs\/#breadcrumb\",\"itemListElement\":[{\"@type\":\"ListItem\",\"position\":1,\"name\":\"Accueil\",\"item\":\"https:\/\/www.jeannedarc-figeac.fr\/college-lycee\/\"},{\"@type\":\"ListItem\",\"position\":2,\"name\":\"Tarifs\"}]},{\"@type\":\"WebSite\",\"@id\":\"https:\/\/www.jeannedarc-figeac.fr\/college-lycee\/#website\",\"url\":\"https:\/\/www.jeannedarc-figeac.fr\/college-lycee\/\",\"name\":\"Coll\u00e8ge et Lyc\u00e9e Jeanne d&#039;Arc\",\"description\":\"Jeanne d&#039;Arc Figeac\",\"potentialAction\":[{\"@type\":\"SearchAction\",\"target\":{\"@type\":\"EntryPoint\",\"urlTemplate\":\"https:\/\/www.jeannedarc-figeac.fr\/college-lycee\/?s={search_term_string}\"},\"query-input\":{\"@type\":\"PropertyValueSpecification\",\"valueRequired\":true,\"valueName\":\"search_term_string\"}}],\"inLanguage\":\"fr-FR\"}]}<\/script>\n<!-- \/ Yoast SEO plugin. -->","yoast_head_json":{"title":"Tarifs","description":"Tarifs ...","robots":{"index":"index","follow":"follow","max-snippet":"max-snippet:-1","max-image-preview":"max-image-preview:large","max-video-preview":"max-video-preview:-1"},"canonical":"http:\/\/www.jeannedarc-figeac.fr\/college-lycee\/tarifs\/","og_locale":"fr_FR","og_type":"article","og_title":"Tarifs","og_description":"Tarifs ...","og_url":"http:\/\/www.jeannedarc-figeac.fr\/college-lycee\/tarifs\/","og_site_name":"Coll\u00e8ge et Lyc\u00e9e Jeanne d&#039;Arc","article_modified_time":"2025-02-06T16:03:55+00:00","og_image":[{"url":"http:\/\/www.jeannedarc-figeac.fr\/college-lycee\/wp-content\/uploads\/sites\/5\/2015\/01\/PdfIconJaune.png","type":"","width":"","height":""}],"schema":{"@context":"https:\/\/schema.org","@graph":[{"@type":"WebPage","@id":"http:\/\/www.jeannedarc-figeac.fr\/college-lycee\/tarifs\/","url":"http:\/\/www.jeannedarc-figeac.fr\/college-lycee\/tarifs\/","name":"Tarifs","isPartOf":{"@id":"https:\/\/www.jeannedarc-figeac.fr\/college-lycee\/#website"},"primaryImageOfPage":{"@id":"http:\/\/www.jeannedarc-figeac.fr\/college-lycee\/tarifs\/#primaryimage"},"image":{"@id":"http:\/\/www.jeannedarc-figeac.fr\/college-lycee\/tarifs\/#primaryimage"},"thumbnailUrl":"http:\/\/www.jeannedarc-figeac.fr\/college-lycee\/wp-content\/uploads\/sites\/5\/2015\/01\/PdfIconJaune.png","datePublished":"2015-01-20T22:11:38+00:00","dateModified":"2025-02-06T16:03:55+00:00","description":"Tarifs ...","breadcrumb":{"@id":"http:\/\/www.jeannedarc-figeac.fr\/college-lycee\/tarifs\/#breadcrumb"},"inLanguage":"fr-FR","potentialAction":[{"@type":"ReadAction","target":["http:\/\/www.jeannedarc-figeac.fr\/college-lycee\/tarifs\/"]}]},{"@type":"ImageObject","inLanguage":"fr-FR","@id":"http:\/\/www.jeannedarc-figeac.fr\/college-lycee\/tarifs\/#primaryimage","url":"https:\/\/i0.wp.com\/www.jeannedarc-figeac.fr\/college-lycee\/wp-content\/uploads\/sites\/5\/2015\/01\/PdfIconJaune.png?fit=71%2C85&ssl=1","contentUrl":"https:\/\/i0.wp.com\/www.jeannedarc-figeac.fr\/college-lycee\/wp-content\/uploads\/sites\/5\/2015\/01\/PdfIconJaune.png?fit=71%2C85&ssl=1","width":71,"height":85},{"@type":"BreadcrumbList","@id":"http:\/\/www.jeannedarc-figeac.fr\/college-lycee\/tarifs\/#breadcrumb","itemListElement":[{"@type":"ListItem","position":1,"name":"Accueil","item":"https:\/\/www.jeannedarc-figeac.fr\/college-lycee\/"},{"@type":"ListItem","position":2,"name":"Tarifs"}]},{"@type":"WebSite","@id":"https:\/\/www.jeannedarc-figeac.fr\/college-lycee\/#website","url":"https:\/\/www.jeannedarc-figeac.fr\/college-lycee\/","name":"Coll\u00e8ge et Lyc\u00e9e Jeanne d&#039;Arc","description":"Jeanne d&#039;Arc Figeac","potentialAction":[{"@type":"SearchAction","target":{"@type":"EntryPoint","urlTemplate":"https:\/\/www.jeannedarc-figeac.fr\/college-lycee\/?s={search_term_string}"},"query-input":{"@type":"PropertyValueSpecification","valueRequired":true,"valueName":"search_term_string"}}],"inLanguage":"fr-FR"}]}},"jetpack_sharing_enabled":true,"jetpack_shortlink":"https:\/\/wp.me\/P5Qyb6-6e","_links":{"self":[{"href":"https:\/\/www.jeannedarc-figeac.fr\/college-lycee\/wp-json\/wp\/v2\/pages\/386","targetHints":{"allow":["GET"]}}],"collection":[{"href":"https:\/\/www.jeannedarc-figeac.fr\/college-lycee\/wp-json\/wp\/v2\/pages"}],"about":[{"href":"https:\/\/www.jeannedarc-figeac.fr\/college-lycee\/wp-json\/wp\/v2\/types\/page"}],"author":[{"embeddable":true,"href":"https:\/\/www.jeannedarc-figeac.fr\/college-lycee\/wp-json\/wp\/v2\/users\/1"}],"replies":[{"embeddable":true,"href":"https:\/\/www.jeannedarc-figeac.fr\/college-lycee\/wp-json\/wp\/v2\/comments?post=386"}],"version-history":[{"count":52,"href":"https:\/\/www.jeannedarc-figeac.fr\/college-lycee\/wp-json\/wp\/v2\/pages\/386\/revisions"}],"predecessor-version":[{"id":6007,"href":"https:\/\/www.jeannedarc-figeac.fr\/college-lycee\/wp-json\/wp\/v2\/pages\/386\/revisions\/6007"}],"wp:attachment":[{"href":"https:\/\/www.jeannedarc-figeac.fr\/college-lycee\/wp-json\/wp\/v2\/media?parent=386"}],"curies":[{"name":"wp","href":"https:\/\/api.w.org\/{rel}","templated":true}]}}